{"id":1122,"date":"2025-09-11T17:21:29","date_gmt":"2025-09-12T00:21:29","guid":{"rendered":"https:\/\/biologicosbm.com.mx\/test\/producto\/biobime-aroma\/"},"modified":"2025-11-24T21:45:49","modified_gmt":"2025-11-25T04:45:49","slug":"biobime-aroma","status":"publish","type":"product","link":"https:\/\/biologicosbm.com.mx\/test\/producto\/biobime-aroma\/","title":{"rendered":"BIOBIME AROMA"},"content":{"rendered":"<p>Mezcla de micro-nutrientes, con esencias naturales,<br \/>\npara usos m\u00faltiples, \u00fatil en el efectivo y r\u00e1pido control de olores, ocasionados por la descomposici\u00f3n de materia org\u00e1nica. Su utilizaci\u00f3n no representa ning\u00fan riesgo para las personas con asma o susceptibles a las alergias, debido a que no contienen qu\u00edmicos que son responsables de los s\u00edntomas. En el medio ambiente desplaza a las bacterias que producen el mal olor, por lo que no enmascara los olores, los elimina dejando una fragancia agradable por horas.<\/p>\n","protected":false},"excerpt":{"rendered":"<p>Aromatizante biol\u00f3gico<\/p>\n","protected":false},"featured_media":1230,"comment_status":"open","ping_status":"closed","template":"","meta":{"_acf_changed":false,"_et_pb_use_builder":"","_et_pb_old_content":"","_et_gb_content_width":""},"product_brand":[],"product_cat":[104],"product_tag":[129],"class_list":{"0":"post-1122","1":"product","2":"type-product","3":"status-publish","4":"has-post-thumbnail","6":"product_cat-productos-biodegradables","7":"product_tag-productos-biodegradables","9":"first","10":"instock","11":"shipping-taxable","12":"product-type-simple"},"acf":[],"yoast_head":"<!-- This site is optimized with the Yoast SEO plugin v25.6 - https:\/\/yoast.com\/wordpress\/plugins\/seo\/ -->\n<title>BIOBIME AROMA - BBM<\/title>\n<meta name=\"robots\" content=\"index, follow, max-snippet:-1, max-image-preview:large, max-video-preview:-1\" \/>\n<link rel=\"canonical\" href=\"https:\/\/biologicosbm.com.mx\/test\/producto\/biobime-aroma\/\" \/>\n<meta property=\"og:locale\" content=\"es_ES\" \/>\n<meta property=\"og:type\" content=\"article\" \/>\n<meta property=\"og:title\" content=\"BIOBIME AROMA - BBM\" \/>\n<meta property=\"og:description\" content=\"Aromatizante biol\u00f3gico\" \/>\n<meta property=\"og:url\" content=\"https:\/\/biologicosbm.com.mx\/test\/producto\/biobime-aroma\/\" \/>\n<meta property=\"og:site_name\" content=\"BBM\" \/>\n<meta property=\"article:publisher\" content=\"https:\/\/www.facebook.com\/biologicosbm\" \/>\n<meta property=\"article:modified_time\" content=\"2025-11-25T04:45:49+00:00\" \/>\n<meta property=\"og:image\" content=\"https:\/\/biologicosbm.com.mx\/test\/wp-content\/uploads\/2025\/11\/biobime-aroma-1.webp\" \/>\n\t<meta property=\"og:image:width\" content=\"1920\" \/>\n\t<meta property=\"og:image:height\" content=\"1920\" \/>\n\t<meta property=\"og:image:type\" content=\"image\/webp\" \/>\n<meta name=\"twitter:card\" content=\"summary_large_image\" \/>\n<meta name=\"twitter:label1\" content=\"Tiempo de lectura\" \/>\n\t<meta name=\"twitter:data1\" content=\"1 minuto\" \/>\n<script type=\"application\/ld+json\" class=\"yoast-schema-graph\">{\"@context\":\"https:\/\/schema.org\",\"@graph\":[{\"@type\":\"WebPage\",\"@id\":\"https:\/\/biologicosbm.com.mx\/test\/producto\/biobime-aroma\/\",\"url\":\"https:\/\/biologicosbm.com.mx\/test\/producto\/biobime-aroma\/\",\"name\":\"BIOBIME AROMA - BBM\",\"isPartOf\":{\"@id\":\"https:\/\/biologicosbm.com.mx\/test\/#website\"},\"primaryImageOfPage\":{\"@id\":\"https:\/\/biologicosbm.com.mx\/test\/producto\/biobime-aroma\/#primaryimage\"},\"image\":{\"@id\":\"https:\/\/biologicosbm.com.mx\/test\/producto\/biobime-aroma\/#primaryimage\"},\"thumbnailUrl\":\"https:\/\/biologicosbm.com.mx\/test\/wp-content\/uploads\/2025\/11\/biobime-aroma-1.webp\",\"datePublished\":\"2025-09-12T00:21:29+00:00\",\"dateModified\":\"2025-11-25T04:45:49+00:00\",\"breadcrumb\":{\"@id\":\"https:\/\/biologicosbm.com.mx\/test\/producto\/biobime-aroma\/#breadcrumb\"},\"inLanguage\":\"es\",\"potentialAction\":[{\"@type\":\"ReadAction\",\"target\":[\"https:\/\/biologicosbm.com.mx\/test\/producto\/biobime-aroma\/\"]}]},{\"@type\":\"ImageObject\",\"inLanguage\":\"es\",\"@id\":\"https:\/\/biologicosbm.com.mx\/test\/producto\/biobime-aroma\/#primaryimage\",\"url\":\"https:\/\/biologicosbm.com.mx\/test\/wp-content\/uploads\/2025\/11\/biobime-aroma-1.webp\",\"contentUrl\":\"https:\/\/biologicosbm.com.mx\/test\/wp-content\/uploads\/2025\/11\/biobime-aroma-1.webp\",\"width\":1920,\"height\":1920},{\"@type\":\"BreadcrumbList\",\"@id\":\"https:\/\/biologicosbm.com.mx\/test\/producto\/biobime-aroma\/#breadcrumb\",\"itemListElement\":[{\"@type\":\"ListItem\",\"position\":1,\"name\":\"Portada\",\"item\":\"https:\/\/biologicosbm.com.mx\/test\/\"},{\"@type\":\"ListItem\",\"position\":2,\"name\":\"Catalogo\",\"item\":\"https:\/\/biologicosbm.com.mx\/test\/catalogo\/\"},{\"@type\":\"ListItem\",\"position\":3,\"name\":\"BIOBIME AROMA\"}]},{\"@type\":\"WebSite\",\"@id\":\"https:\/\/biologicosbm.com.mx\/test\/#website\",\"url\":\"https:\/\/biologicosbm.com.mx\/test\/\",\"name\":\"https:\/\/biologicosbm.com.mx\/\",\"description\":\"Biol\u00f3gicos y Biotecnol\u00f3gias de M\u00e9xico SA de CV\",\"publisher\":{\"@id\":\"https:\/\/biologicosbm.com.mx\/test\/#organization\"},\"potentialAction\":[{\"@type\":\"SearchAction\",\"target\":{\"@type\":\"EntryPoint\",\"urlTemplate\":\"https:\/\/biologicosbm.com.mx\/test\/?s={search_term_string}\"},\"query-input\":{\"@type\":\"PropertyValueSpecification\",\"valueRequired\":true,\"valueName\":\"search_term_string\"}}],\"inLanguage\":\"es\"},{\"@type\":\"Organization\",\"@id\":\"https:\/\/biologicosbm.com.mx\/test\/#organization\",\"name\":\"Biol\u00f3gicos y Biotecnolog\u00edas de M\u00e9xico S.A. de C.V.\",\"url\":\"https:\/\/biologicosbm.com.mx\/test\/\",\"logo\":{\"@type\":\"ImageObject\",\"inLanguage\":\"es\",\"@id\":\"https:\/\/biologicosbm.com.mx\/test\/#\/schema\/logo\/image\/\",\"url\":\"https:\/\/biologicosbm.com.mx\/test\/wp-content\/uploads\/2024\/06\/logo1.png\",\"contentUrl\":\"https:\/\/biologicosbm.com.mx\/test\/wp-content\/uploads\/2024\/06\/logo1.png\",\"width\":512,\"height\":512,\"caption\":\"Biol\u00f3gicos y Biotecnolog\u00edas de M\u00e9xico S.A. de C.V.\"},\"image\":{\"@id\":\"https:\/\/biologicosbm.com.mx\/test\/#\/schema\/logo\/image\/\"},\"sameAs\":[\"https:\/\/www.facebook.com\/biologicosbm\"]}]}<\/script>\n<!-- \/ Yoast SEO plugin. -->","yoast_head_json":{"title":"BIOBIME AROMA - BBM","robots":{"index":"index","follow":"follow","max-snippet":"max-snippet:-1","max-image-preview":"max-image-preview:large","max-video-preview":"max-video-preview:-1"},"canonical":"https:\/\/biologicosbm.com.mx\/test\/producto\/biobime-aroma\/","og_locale":"es_ES","og_type":"article","og_title":"BIOBIME AROMA - BBM","og_description":"Aromatizante biol\u00f3gico","og_url":"https:\/\/biologicosbm.com.mx\/test\/producto\/biobime-aroma\/","og_site_name":"BBM","article_publisher":"https:\/\/www.facebook.com\/biologicosbm","article_modified_time":"2025-11-25T04:45:49+00:00","og_image":[{"width":1920,"height":1920,"url":"https:\/\/biologicosbm.com.mx\/test\/wp-content\/uploads\/2025\/11\/biobime-aroma-1.webp","type":"image\/webp"}],"twitter_card":"summary_large_image","twitter_misc":{"Tiempo de lectura":"1 minuto"},"schema":{"@context":"https:\/\/schema.org","@graph":[{"@type":"WebPage","@id":"https:\/\/biologicosbm.com.mx\/test\/producto\/biobime-aroma\/","url":"https:\/\/biologicosbm.com.mx\/test\/producto\/biobime-aroma\/","name":"BIOBIME AROMA - BBM","isPartOf":{"@id":"https:\/\/biologicosbm.com.mx\/test\/#website"},"primaryImageOfPage":{"@id":"https:\/\/biologicosbm.com.mx\/test\/producto\/biobime-aroma\/#primaryimage"},"image":{"@id":"https:\/\/biologicosbm.com.mx\/test\/producto\/biobime-aroma\/#primaryimage"},"thumbnailUrl":"https:\/\/biologicosbm.com.mx\/test\/wp-content\/uploads\/2025\/11\/biobime-aroma-1.webp","datePublished":"2025-09-12T00:21:29+00:00","dateModified":"2025-11-25T04:45:49+00:00","breadcrumb":{"@id":"https:\/\/biologicosbm.com.mx\/test\/producto\/biobime-aroma\/#breadcrumb"},"inLanguage":"es","potentialAction":[{"@type":"ReadAction","target":["https:\/\/biologicosbm.com.mx\/test\/producto\/biobime-aroma\/"]}]},{"@type":"ImageObject","inLanguage":"es","@id":"https:\/\/biologicosbm.com.mx\/test\/producto\/biobime-aroma\/#primaryimage","url":"https:\/\/biologicosbm.com.mx\/test\/wp-content\/uploads\/2025\/11\/biobime-aroma-1.webp","contentUrl":"https:\/\/biologicosbm.com.mx\/test\/wp-content\/uploads\/2025\/11\/biobime-aroma-1.webp","width":1920,"height":1920},{"@type":"BreadcrumbList","@id":"https:\/\/biologicosbm.com.mx\/test\/producto\/biobime-aroma\/#breadcrumb","itemListElement":[{"@type":"ListItem","position":1,"name":"Portada","item":"https:\/\/biologicosbm.com.mx\/test\/"},{"@type":"ListItem","position":2,"name":"Catalogo","item":"https:\/\/biologicosbm.com.mx\/test\/catalogo\/"},{"@type":"ListItem","position":3,"name":"BIOBIME AROMA"}]},{"@type":"WebSite","@id":"https:\/\/biologicosbm.com.mx\/test\/#website","url":"https:\/\/biologicosbm.com.mx\/test\/","name":"https:\/\/biologicosbm.com.mx\/","description":"Biol\u00f3gicos y Biotecnol\u00f3gias de M\u00e9xico SA de CV","publisher":{"@id":"https:\/\/biologicosbm.com.mx\/test\/#organization"},"potentialAction":[{"@type":"SearchAction","target":{"@type":"EntryPoint","urlTemplate":"https:\/\/biologicosbm.com.mx\/test\/?s={search_term_string}"},"query-input":{"@type":"PropertyValueSpecification","valueRequired":true,"valueName":"search_term_string"}}],"inLanguage":"es"},{"@type":"Organization","@id":"https:\/\/biologicosbm.com.mx\/test\/#organization","name":"Biol\u00f3gicos y Biotecnolog\u00edas de M\u00e9xico S.A. de C.V.","url":"https:\/\/biologicosbm.com.mx\/test\/","logo":{"@type":"ImageObject","inLanguage":"es","@id":"https:\/\/biologicosbm.com.mx\/test\/#\/schema\/logo\/image\/","url":"https:\/\/biologicosbm.com.mx\/test\/wp-content\/uploads\/2024\/06\/logo1.png","contentUrl":"https:\/\/biologicosbm.com.mx\/test\/wp-content\/uploads\/2024\/06\/logo1.png","width":512,"height":512,"caption":"Biol\u00f3gicos y Biotecnolog\u00edas de M\u00e9xico S.A. de C.V."},"image":{"@id":"https:\/\/biologicosbm.com.mx\/test\/#\/schema\/logo\/image\/"},"sameAs":["https:\/\/www.facebook.com\/biologicosbm"]}]}},"jetpack_sharing_enabled":true,"_links":{"self":[{"href":"https:\/\/biologicosbm.com.mx\/test\/wp-json\/wp\/v2\/product\/1122","targetHints":{"allow":["GET"]}}],"collection":[{"href":"https:\/\/biologicosbm.com.mx\/test\/wp-json\/wp\/v2\/product"}],"about":[{"href":"https:\/\/biologicosbm.com.mx\/test\/wp-json\/wp\/v2\/types\/product"}],"replies":[{"embeddable":true,"href":"https:\/\/biologicosbm.com.mx\/test\/wp-json\/wp\/v2\/comments?post=1122"}],"wp:featuredmedia":[{"embeddable":true,"href":"https:\/\/biologicosbm.com.mx\/test\/wp-json\/wp\/v2\/media\/1230"}],"wp:attachment":[{"href":"https:\/\/biologicosbm.com.mx\/test\/wp-json\/wp\/v2\/media?parent=1122"}],"wp:term":[{"taxonomy":"product_brand","embeddable":true,"href":"https:\/\/biologicosbm.com.mx\/test\/wp-json\/wp\/v2\/product_brand?post=1122"},{"taxonomy":"product_cat","embeddable":true,"href":"https:\/\/biologicosbm.com.mx\/test\/wp-json\/wp\/v2\/product_cat?post=1122"},{"taxonomy":"product_tag","embeddable":true,"href":"https:\/\/biologicosbm.com.mx\/test\/wp-json\/wp\/v2\/product_tag?post=1122"}],"curies":[{"name":"wp","href":"https:\/\/api.w.org\/{rel}","templated":true}]}}