{"id":1114,"date":"2025-09-11T17:21:28","date_gmt":"2025-09-12T00:21:28","guid":{"rendered":"https:\/\/biologicosbm.com.mx\/test\/producto\/biobime-206\/"},"modified":"2025-11-24T21:55:55","modified_gmt":"2025-11-25T04:55:55","slug":"biobime-206","status":"publish","type":"product","link":"https:\/\/biologicosbm.com.mx\/test\/producto\/biobime-206\/","title":{"rendered":"BIOBIME 206"},"content":{"rendered":"<p>Contiene cepas elegidas espec\u00edficamente para las industrias petroqu\u00edmicas. Este producto proporciona una mezcla de Bacillus de m\u00faltiples cepas formulada con micronutrientes para una mayor degradaci\u00f3n de los hidrocarburos, puede ser aplicado directamente a los flujos de residuos<br \/>\nespec\u00edficos para iniciar la descomposici\u00f3n de estos compuestos a medida que<br \/>\nviajan a trav\u00e9s del sistema de recolecci\u00f3n de aguas residuales<\/p>\n","protected":false},"excerpt":{"rendered":"<p>tratatamiento biologico para uso en la industria petroqu\u00edmica<\/p>\n","protected":false},"featured_media":1254,"comment_status":"open","ping_status":"closed","template":"","meta":{"_acf_changed":false,"_et_pb_use_builder":"","_et_pb_old_content":"","_et_gb_content_width":""},"product_brand":[],"product_cat":[124],"product_tag":[125],"class_list":{"0":"post-1114","1":"product","2":"type-product","3":"status-publish","4":"has-post-thumbnail","6":"product_cat-industria-petroquimica","7":"product_tag-industria-petroquimica","9":"first","10":"instock","11":"shipping-taxable","12":"product-type-simple"},"acf":[],"yoast_head":"<!-- This site is optimized with the Yoast SEO plugin v25.6 - https:\/\/yoast.com\/wordpress\/plugins\/seo\/ -->\n<title>BIOBIME 206 - BBM<\/title>\n<meta name=\"robots\" content=\"index, follow, max-snippet:-1, max-image-preview:large, max-video-preview:-1\" \/>\n<link rel=\"canonical\" href=\"https:\/\/biologicosbm.com.mx\/test\/producto\/biobime-206\/\" \/>\n<meta property=\"og:locale\" content=\"es_ES\" \/>\n<meta property=\"og:type\" content=\"article\" \/>\n<meta property=\"og:title\" content=\"BIOBIME 206 - BBM\" \/>\n<meta property=\"og:description\" content=\"tratatamiento biologico para uso en la industria petroqu\u00edmica\" \/>\n<meta property=\"og:url\" content=\"https:\/\/biologicosbm.com.mx\/test\/producto\/biobime-206\/\" \/>\n<meta property=\"og:site_name\" content=\"BBM\" \/>\n<meta property=\"article:publisher\" content=\"https:\/\/www.facebook.com\/biologicosbm\" \/>\n<meta property=\"article:modified_time\" content=\"2025-11-25T04:55:55+00:00\" \/>\n<meta property=\"og:image\" content=\"https:\/\/biologicosbm.com.mx\/test\/wp-content\/uploads\/2025\/11\/Biobime-206.webp\" \/>\n\t<meta property=\"og:image:width\" content=\"1920\" \/>\n\t<meta property=\"og:image:height\" content=\"1920\" \/>\n\t<meta property=\"og:image:type\" content=\"image\/webp\" \/>\n<meta name=\"twitter:card\" content=\"summary_large_image\" \/>\n<meta name=\"twitter:label1\" content=\"Tiempo de lectura\" \/>\n\t<meta name=\"twitter:data1\" content=\"1 minuto\" \/>\n<script type=\"application\/ld+json\" class=\"yoast-schema-graph\">{\"@context\":\"https:\/\/schema.org\",\"@graph\":[{\"@type\":\"WebPage\",\"@id\":\"https:\/\/biologicosbm.com.mx\/test\/producto\/biobime-206\/\",\"url\":\"https:\/\/biologicosbm.com.mx\/test\/producto\/biobime-206\/\",\"name\":\"BIOBIME 206 - BBM\",\"isPartOf\":{\"@id\":\"https:\/\/biologicosbm.com.mx\/test\/#website\"},\"primaryImageOfPage\":{\"@id\":\"https:\/\/biologicosbm.com.mx\/test\/producto\/biobime-206\/#primaryimage\"},\"image\":{\"@id\":\"https:\/\/biologicosbm.com.mx\/test\/producto\/biobime-206\/#primaryimage\"},\"thumbnailUrl\":\"https:\/\/biologicosbm.com.mx\/test\/wp-content\/uploads\/2025\/11\/Biobime-206.webp\",\"datePublished\":\"2025-09-12T00:21:28+00:00\",\"dateModified\":\"2025-11-25T04:55:55+00:00\",\"breadcrumb\":{\"@id\":\"https:\/\/biologicosbm.com.mx\/test\/producto\/biobime-206\/#breadcrumb\"},\"inLanguage\":\"es\",\"potentialAction\":[{\"@type\":\"ReadAction\",\"target\":[\"https:\/\/biologicosbm.com.mx\/test\/producto\/biobime-206\/\"]}]},{\"@type\":\"ImageObject\",\"inLanguage\":\"es\",\"@id\":\"https:\/\/biologicosbm.com.mx\/test\/producto\/biobime-206\/#primaryimage\",\"url\":\"https:\/\/biologicosbm.com.mx\/test\/wp-content\/uploads\/2025\/11\/Biobime-206.webp\",\"contentUrl\":\"https:\/\/biologicosbm.com.mx\/test\/wp-content\/uploads\/2025\/11\/Biobime-206.webp\",\"width\":1920,\"height\":1920},{\"@type\":\"BreadcrumbList\",\"@id\":\"https:\/\/biologicosbm.com.mx\/test\/producto\/biobime-206\/#breadcrumb\",\"itemListElement\":[{\"@type\":\"ListItem\",\"position\":1,\"name\":\"Portada\",\"item\":\"https:\/\/biologicosbm.com.mx\/test\/\"},{\"@type\":\"ListItem\",\"position\":2,\"name\":\"Catalogo\",\"item\":\"https:\/\/biologicosbm.com.mx\/test\/catalogo\/\"},{\"@type\":\"ListItem\",\"position\":3,\"name\":\"BIOBIME 206\"}]},{\"@type\":\"WebSite\",\"@id\":\"https:\/\/biologicosbm.com.mx\/test\/#website\",\"url\":\"https:\/\/biologicosbm.com.mx\/test\/\",\"name\":\"https:\/\/biologicosbm.com.mx\/\",\"description\":\"Biol\u00f3gicos y Biotecnol\u00f3gias de M\u00e9xico SA de CV\",\"publisher\":{\"@id\":\"https:\/\/biologicosbm.com.mx\/test\/#organization\"},\"potentialAction\":[{\"@type\":\"SearchAction\",\"target\":{\"@type\":\"EntryPoint\",\"urlTemplate\":\"https:\/\/biologicosbm.com.mx\/test\/?s={search_term_string}\"},\"query-input\":{\"@type\":\"PropertyValueSpecification\",\"valueRequired\":true,\"valueName\":\"search_term_string\"}}],\"inLanguage\":\"es\"},{\"@type\":\"Organization\",\"@id\":\"https:\/\/biologicosbm.com.mx\/test\/#organization\",\"name\":\"Biol\u00f3gicos y Biotecnolog\u00edas de M\u00e9xico S.A. de C.V.\",\"url\":\"https:\/\/biologicosbm.com.mx\/test\/\",\"logo\":{\"@type\":\"ImageObject\",\"inLanguage\":\"es\",\"@id\":\"https:\/\/biologicosbm.com.mx\/test\/#\/schema\/logo\/image\/\",\"url\":\"https:\/\/biologicosbm.com.mx\/test\/wp-content\/uploads\/2024\/06\/logo1.png\",\"contentUrl\":\"https:\/\/biologicosbm.com.mx\/test\/wp-content\/uploads\/2024\/06\/logo1.png\",\"width\":512,\"height\":512,\"caption\":\"Biol\u00f3gicos y Biotecnolog\u00edas de M\u00e9xico S.A. de C.V.\"},\"image\":{\"@id\":\"https:\/\/biologicosbm.com.mx\/test\/#\/schema\/logo\/image\/\"},\"sameAs\":[\"https:\/\/www.facebook.com\/biologicosbm\"]}]}<\/script>\n<!-- \/ Yoast SEO plugin. -->","yoast_head_json":{"title":"BIOBIME 206 - BBM","robots":{"index":"index","follow":"follow","max-snippet":"max-snippet:-1","max-image-preview":"max-image-preview:large","max-video-preview":"max-video-preview:-1"},"canonical":"https:\/\/biologicosbm.com.mx\/test\/producto\/biobime-206\/","og_locale":"es_ES","og_type":"article","og_title":"BIOBIME 206 - BBM","og_description":"tratatamiento biologico para uso en la industria petroqu\u00edmica","og_url":"https:\/\/biologicosbm.com.mx\/test\/producto\/biobime-206\/","og_site_name":"BBM","article_publisher":"https:\/\/www.facebook.com\/biologicosbm","article_modified_time":"2025-11-25T04:55:55+00:00","og_image":[{"width":1920,"height":1920,"url":"https:\/\/biologicosbm.com.mx\/test\/wp-content\/uploads\/2025\/11\/Biobime-206.webp","type":"image\/webp"}],"twitter_card":"summary_large_image","twitter_misc":{"Tiempo de lectura":"1 minuto"},"schema":{"@context":"https:\/\/schema.org","@graph":[{"@type":"WebPage","@id":"https:\/\/biologicosbm.com.mx\/test\/producto\/biobime-206\/","url":"https:\/\/biologicosbm.com.mx\/test\/producto\/biobime-206\/","name":"BIOBIME 206 - BBM","isPartOf":{"@id":"https:\/\/biologicosbm.com.mx\/test\/#website"},"primaryImageOfPage":{"@id":"https:\/\/biologicosbm.com.mx\/test\/producto\/biobime-206\/#primaryimage"},"image":{"@id":"https:\/\/biologicosbm.com.mx\/test\/producto\/biobime-206\/#primaryimage"},"thumbnailUrl":"https:\/\/biologicosbm.com.mx\/test\/wp-content\/uploads\/2025\/11\/Biobime-206.webp","datePublished":"2025-09-12T00:21:28+00:00","dateModified":"2025-11-25T04:55:55+00:00","breadcrumb":{"@id":"https:\/\/biologicosbm.com.mx\/test\/producto\/biobime-206\/#breadcrumb"},"inLanguage":"es","potentialAction":[{"@type":"ReadAction","target":["https:\/\/biologicosbm.com.mx\/test\/producto\/biobime-206\/"]}]},{"@type":"ImageObject","inLanguage":"es","@id":"https:\/\/biologicosbm.com.mx\/test\/producto\/biobime-206\/#primaryimage","url":"https:\/\/biologicosbm.com.mx\/test\/wp-content\/uploads\/2025\/11\/Biobime-206.webp","contentUrl":"https:\/\/biologicosbm.com.mx\/test\/wp-content\/uploads\/2025\/11\/Biobime-206.webp","width":1920,"height":1920},{"@type":"BreadcrumbList","@id":"https:\/\/biologicosbm.com.mx\/test\/producto\/biobime-206\/#breadcrumb","itemListElement":[{"@type":"ListItem","position":1,"name":"Portada","item":"https:\/\/biologicosbm.com.mx\/test\/"},{"@type":"ListItem","position":2,"name":"Catalogo","item":"https:\/\/biologicosbm.com.mx\/test\/catalogo\/"},{"@type":"ListItem","position":3,"name":"BIOBIME 206"}]},{"@type":"WebSite","@id":"https:\/\/biologicosbm.com.mx\/test\/#website","url":"https:\/\/biologicosbm.com.mx\/test\/","name":"https:\/\/biologicosbm.com.mx\/","description":"Biol\u00f3gicos y Biotecnol\u00f3gias de M\u00e9xico SA de CV","publisher":{"@id":"https:\/\/biologicosbm.com.mx\/test\/#organization"},"potentialAction":[{"@type":"SearchAction","target":{"@type":"EntryPoint","urlTemplate":"https:\/\/biologicosbm.com.mx\/test\/?s={search_term_string}"},"query-input":{"@type":"PropertyValueSpecification","valueRequired":true,"valueName":"search_term_string"}}],"inLanguage":"es"},{"@type":"Organization","@id":"https:\/\/biologicosbm.com.mx\/test\/#organization","name":"Biol\u00f3gicos y Biotecnolog\u00edas de M\u00e9xico S.A. de C.V.","url":"https:\/\/biologicosbm.com.mx\/test\/","logo":{"@type":"ImageObject","inLanguage":"es","@id":"https:\/\/biologicosbm.com.mx\/test\/#\/schema\/logo\/image\/","url":"https:\/\/biologicosbm.com.mx\/test\/wp-content\/uploads\/2024\/06\/logo1.png","contentUrl":"https:\/\/biologicosbm.com.mx\/test\/wp-content\/uploads\/2024\/06\/logo1.png","width":512,"height":512,"caption":"Biol\u00f3gicos y Biotecnolog\u00edas de M\u00e9xico S.A. de C.V."},"image":{"@id":"https:\/\/biologicosbm.com.mx\/test\/#\/schema\/logo\/image\/"},"sameAs":["https:\/\/www.facebook.com\/biologicosbm"]}]}},"jetpack_sharing_enabled":true,"_links":{"self":[{"href":"https:\/\/biologicosbm.com.mx\/test\/wp-json\/wp\/v2\/product\/1114","targetHints":{"allow":["GET"]}}],"collection":[{"href":"https:\/\/biologicosbm.com.mx\/test\/wp-json\/wp\/v2\/product"}],"about":[{"href":"https:\/\/biologicosbm.com.mx\/test\/wp-json\/wp\/v2\/types\/product"}],"replies":[{"embeddable":true,"href":"https:\/\/biologicosbm.com.mx\/test\/wp-json\/wp\/v2\/comments?post=1114"}],"wp:featuredmedia":[{"embeddable":true,"href":"https:\/\/biologicosbm.com.mx\/test\/wp-json\/wp\/v2\/media\/1254"}],"wp:attachment":[{"href":"https:\/\/biologicosbm.com.mx\/test\/wp-json\/wp\/v2\/media?parent=1114"}],"wp:term":[{"taxonomy":"product_brand","embeddable":true,"href":"https:\/\/biologicosbm.com.mx\/test\/wp-json\/wp\/v2\/product_brand?post=1114"},{"taxonomy":"product_cat","embeddable":true,"href":"https:\/\/biologicosbm.com.mx\/test\/wp-json\/wp\/v2\/product_cat?post=1114"},{"taxonomy":"product_tag","embeddable":true,"href":"https:\/\/biologicosbm.com.mx\/test\/wp-json\/wp\/v2\/product_tag?post=1114"}],"curies":[{"name":"wp","href":"https:\/\/api.w.org\/{rel}","templated":true}]}}