{"id":40,"date":"2024-05-28T23:27:58","date_gmt":"2024-05-28T23:27:58","guid":{"rendered":"https:\/\/biologicosbm.com.mx\/test\/about\/"},"modified":"2025-08-15T20:10:10","modified_gmt":"2025-08-16T03:10:10","slug":"acerca-de-nosotros","status":"publish","type":"page","link":"https:\/\/biologicosbm.com.mx\/test\/acerca-de-nosotros\/","title":{"rendered":"Acerca de BBM"},"content":{"rendered":"\n\n\n<h2>\u00bfQuienes somos?<\/h2>\n\n\n\n<p>Biol\u00f3gicos y Biotecnolog\u00edas de M\u00e9xico S.A. de C.V. est\u00e1 enfocada en la biotecnolog\u00eda en los sectores del  tratamiento de aguas residuales, agr\u00edcolas, acu\u00edcola, limpieza y desinfecci\u00f3n ofreciendo productos de la m\u00e1s alta calidad y efectividad. Con m\u00e1s de 20 a\u00f1os en el mercado hemos logrado experiencia que nos permite proveer soluciones a la medida de las necesidades del cliente.<\/p>\n\n\n\n\n\n\n\n<h1>\u00bfQu\u00e9 hacemos?<\/h1>\n\n\n\n\n\n<ul class=\"wp-block-list\">\n<li class=\"has-medium-font-size\"><strong><mark style=\"background-color:rgba(0, 0, 0, 0)\" class=\"has-inline-color has-white-color\">Somos distribuidores y producimos la biotecnolog\u00eda BIOBIME comercializando productos biotecnol\u00f3gicos para el tratamiento de aguas residuales y de desecho, para las \u00e1reas de producci\u00f3n acu\u00edcola, agropecuaria, limpieza y desinfecci\u00f3n.<\/mark><\/strong><\/li>\n\n\n\n<li class=\"has-medium-font-size\"><strong><mark style=\"background-color:rgba(0, 0, 0, 0)\" class=\"has-inline-color has-white-color\">Brindamos asesor\u00eda a empresas que requieren tratar problemas con eliminaci\u00f3n de materia org\u00e1nica utilizando componentes biol\u00f3gicos sin da\u00f1o ambiental.<\/mark><\/strong><\/li>\n<\/ul>\n\n\n\n\n\n\n\n\n\n<h2>Misi\u00f3n y Visi\u00f3n<\/h2>\n\n\n\n\n\n<h4>Misi\u00f3n<\/h4>\n\n\n\n<p>Biol\u00f3gicos y Biotecnolog\u00edas de M\u00e9xico S.A. de C.V., nos dedicamos a mejorar la calidad de vida y el entorno ambiental mediante soluciones innovadoras y ecol\u00f3gicas para el tratamiento de aguas residuales y la provisi\u00f3n de productos de limpieza y desinfecci\u00f3n. Nuestro compromiso es brindar productos y servicios de alta calidad que promuevan la salud p\u00fablica y la sostenibilidad ambiental en M\u00e9xico.<\/p>\n\n\n\n\n\n<h4>Visi\u00f3n<\/h4>\n\n\n\n<p>Ser l\u00edderes en el mercado nacional de biotecnolog\u00edas para el tratamiento de aguas residuales y productos de limpieza y desinfecci\u00f3n, reconocidos por nuestra excelencia en servicio al cliente, innovaci\u00f3n constante y compromiso con la preservaci\u00f3n del medio ambiente. Buscamos expandir nuestro impacto a nivel internacional, siendo un referente de \u00e9xito en el desarrollo y aplicaci\u00f3n de soluciones biotecnol\u00f3gicas responsables y eficaces.<\/p>\n\n\n\n\n","protected":false},"excerpt":{"rendered":"","protected":false},"author":1,"featured_media":0,"parent":0,"menu_order":0,"comment_status":"closed","ping_status":"closed","template":"","meta":{"_acf_changed":false,"_et_pb_use_builder":"","_et_pb_old_content":"","_et_gb_content_width":"","footnotes":""},"class_list":["post-40","page","type-page","status-publish","hentry"],"acf":[],"yoast_head":"<!-- This site is optimized with the Yoast SEO plugin v25.6 - https:\/\/yoast.com\/wordpress\/plugins\/seo\/ -->\n<title>Acerca de BBM - BBM<\/title>\n<meta name=\"robots\" content=\"index, follow, max-snippet:-1, max-image-preview:large, max-video-preview:-1\" \/>\n<link rel=\"canonical\" href=\"https:\/\/biologicosbm.com.mx\/test\/acerca-de-nosotros\/\" \/>\n<meta property=\"og:locale\" content=\"es_ES\" \/>\n<meta property=\"og:type\" content=\"article\" \/>\n<meta property=\"og:title\" content=\"Acerca de BBM - BBM\" \/>\n<meta property=\"og:url\" content=\"https:\/\/biologicosbm.com.mx\/test\/acerca-de-nosotros\/\" \/>\n<meta property=\"og:site_name\" content=\"BBM\" \/>\n<meta property=\"article:publisher\" content=\"https:\/\/www.facebook.com\/biologicosbm\" \/>\n<meta property=\"article:modified_time\" content=\"2025-08-16T03:10:10+00:00\" \/>\n<meta name=\"twitter:card\" content=\"summary_large_image\" \/>\n<meta name=\"twitter:label1\" content=\"Tiempo de lectura\" \/>\n\t<meta name=\"twitter:data1\" content=\"2 minutos\" \/>\n<script type=\"application\/ld+json\" class=\"yoast-schema-graph\">{\"@context\":\"https:\/\/schema.org\",\"@graph\":[{\"@type\":\"WebPage\",\"@id\":\"https:\/\/biologicosbm.com.mx\/test\/acerca-de-nosotros\/\",\"url\":\"https:\/\/biologicosbm.com.mx\/test\/acerca-de-nosotros\/\",\"name\":\"Acerca de BBM - BBM\",\"isPartOf\":{\"@id\":\"https:\/\/biologicosbm.com.mx\/test\/#website\"},\"datePublished\":\"2024-05-28T23:27:58+00:00\",\"dateModified\":\"2025-08-16T03:10:10+00:00\",\"breadcrumb\":{\"@id\":\"https:\/\/biologicosbm.com.mx\/test\/acerca-de-nosotros\/#breadcrumb\"},\"inLanguage\":\"es\",\"potentialAction\":[{\"@type\":\"ReadAction\",\"target\":[\"https:\/\/biologicosbm.com.mx\/test\/acerca-de-nosotros\/\"]}]},{\"@type\":\"BreadcrumbList\",\"@id\":\"https:\/\/biologicosbm.com.mx\/test\/acerca-de-nosotros\/#breadcrumb\",\"itemListElement\":[{\"@type\":\"ListItem\",\"position\":1,\"name\":\"Portada\",\"item\":\"https:\/\/biologicosbm.com.mx\/test\/\"},{\"@type\":\"ListItem\",\"position\":2,\"name\":\"Acerca de BBM\"}]},{\"@type\":\"WebSite\",\"@id\":\"https:\/\/biologicosbm.com.mx\/test\/#website\",\"url\":\"https:\/\/biologicosbm.com.mx\/test\/\",\"name\":\"https:\/\/biologicosbm.com.mx\/\",\"description\":\"Biol\u00f3gicos y Biotecnol\u00f3gias de M\u00e9xico SA de CV\",\"publisher\":{\"@id\":\"https:\/\/biologicosbm.com.mx\/test\/#organization\"},\"potentialAction\":[{\"@type\":\"SearchAction\",\"target\":{\"@type\":\"EntryPoint\",\"urlTemplate\":\"https:\/\/biologicosbm.com.mx\/test\/?s={search_term_string}\"},\"query-input\":{\"@type\":\"PropertyValueSpecification\",\"valueRequired\":true,\"valueName\":\"search_term_string\"}}],\"inLanguage\":\"es\"},{\"@type\":\"Organization\",\"@id\":\"https:\/\/biologicosbm.com.mx\/test\/#organization\",\"name\":\"Biol\u00f3gicos y Biotecnolog\u00edas de M\u00e9xico S.A. de C.V.\",\"url\":\"https:\/\/biologicosbm.com.mx\/test\/\",\"logo\":{\"@type\":\"ImageObject\",\"inLanguage\":\"es\",\"@id\":\"https:\/\/biologicosbm.com.mx\/test\/#\/schema\/logo\/image\/\",\"url\":\"https:\/\/biologicosbm.com.mx\/test\/wp-content\/uploads\/2024\/06\/logo1.png\",\"contentUrl\":\"https:\/\/biologicosbm.com.mx\/test\/wp-content\/uploads\/2024\/06\/logo1.png\",\"width\":512,\"height\":512,\"caption\":\"Biol\u00f3gicos y Biotecnolog\u00edas de M\u00e9xico S.A. de C.V.\"},\"image\":{\"@id\":\"https:\/\/biologicosbm.com.mx\/test\/#\/schema\/logo\/image\/\"},\"sameAs\":[\"https:\/\/www.facebook.com\/biologicosbm\"]}]}<\/script>\n<!-- \/ Yoast SEO plugin. -->","yoast_head_json":{"title":"Acerca de BBM - BBM","robots":{"index":"index","follow":"follow","max-snippet":"max-snippet:-1","max-image-preview":"max-image-preview:large","max-video-preview":"max-video-preview:-1"},"canonical":"https:\/\/biologicosbm.com.mx\/test\/acerca-de-nosotros\/","og_locale":"es_ES","og_type":"article","og_title":"Acerca de BBM - BBM","og_url":"https:\/\/biologicosbm.com.mx\/test\/acerca-de-nosotros\/","og_site_name":"BBM","article_publisher":"https:\/\/www.facebook.com\/biologicosbm","article_modified_time":"2025-08-16T03:10:10+00:00","twitter_card":"summary_large_image","twitter_misc":{"Tiempo de lectura":"2 minutos"},"schema":{"@context":"https:\/\/schema.org","@graph":[{"@type":"WebPage","@id":"https:\/\/biologicosbm.com.mx\/test\/acerca-de-nosotros\/","url":"https:\/\/biologicosbm.com.mx\/test\/acerca-de-nosotros\/","name":"Acerca de BBM - BBM","isPartOf":{"@id":"https:\/\/biologicosbm.com.mx\/test\/#website"},"datePublished":"2024-05-28T23:27:58+00:00","dateModified":"2025-08-16T03:10:10+00:00","breadcrumb":{"@id":"https:\/\/biologicosbm.com.mx\/test\/acerca-de-nosotros\/#breadcrumb"},"inLanguage":"es","potentialAction":[{"@type":"ReadAction","target":["https:\/\/biologicosbm.com.mx\/test\/acerca-de-nosotros\/"]}]},{"@type":"BreadcrumbList","@id":"https:\/\/biologicosbm.com.mx\/test\/acerca-de-nosotros\/#breadcrumb","itemListElement":[{"@type":"ListItem","position":1,"name":"Portada","item":"https:\/\/biologicosbm.com.mx\/test\/"},{"@type":"ListItem","position":2,"name":"Acerca de BBM"}]},{"@type":"WebSite","@id":"https:\/\/biologicosbm.com.mx\/test\/#website","url":"https:\/\/biologicosbm.com.mx\/test\/","name":"https:\/\/biologicosbm.com.mx\/","description":"Biol\u00f3gicos y Biotecnol\u00f3gias de M\u00e9xico SA de CV","publisher":{"@id":"https:\/\/biologicosbm.com.mx\/test\/#organization"},"potentialAction":[{"@type":"SearchAction","target":{"@type":"EntryPoint","urlTemplate":"https:\/\/biologicosbm.com.mx\/test\/?s={search_term_string}"},"query-input":{"@type":"PropertyValueSpecification","valueRequired":true,"valueName":"search_term_string"}}],"inLanguage":"es"},{"@type":"Organization","@id":"https:\/\/biologicosbm.com.mx\/test\/#organization","name":"Biol\u00f3gicos y Biotecnolog\u00edas de M\u00e9xico S.A. de C.V.","url":"https:\/\/biologicosbm.com.mx\/test\/","logo":{"@type":"ImageObject","inLanguage":"es","@id":"https:\/\/biologicosbm.com.mx\/test\/#\/schema\/logo\/image\/","url":"https:\/\/biologicosbm.com.mx\/test\/wp-content\/uploads\/2024\/06\/logo1.png","contentUrl":"https:\/\/biologicosbm.com.mx\/test\/wp-content\/uploads\/2024\/06\/logo1.png","width":512,"height":512,"caption":"Biol\u00f3gicos y Biotecnolog\u00edas de M\u00e9xico S.A. de C.V."},"image":{"@id":"https:\/\/biologicosbm.com.mx\/test\/#\/schema\/logo\/image\/"},"sameAs":["https:\/\/www.facebook.com\/biologicosbm"]}]}},"jetpack_sharing_enabled":true,"_links":{"self":[{"href":"https:\/\/biologicosbm.com.mx\/test\/wp-json\/wp\/v2\/pages\/40","targetHints":{"allow":["GET"]}}],"collection":[{"href":"https:\/\/biologicosbm.com.mx\/test\/wp-json\/wp\/v2\/pages"}],"about":[{"href":"https:\/\/biologicosbm.com.mx\/test\/wp-json\/wp\/v2\/types\/page"}],"author":[{"embeddable":true,"href":"https:\/\/biologicosbm.com.mx\/test\/wp-json\/wp\/v2\/users\/1"}],"replies":[{"embeddable":true,"href":"https:\/\/biologicosbm.com.mx\/test\/wp-json\/wp\/v2\/comments?post=40"}],"version-history":[{"count":14,"href":"https:\/\/biologicosbm.com.mx\/test\/wp-json\/wp\/v2\/pages\/40\/revisions"}],"predecessor-version":[{"id":543,"href":"https:\/\/biologicosbm.com.mx\/test\/wp-json\/wp\/v2\/pages\/40\/revisions\/543"}],"wp:attachment":[{"href":"https:\/\/biologicosbm.com.mx\/test\/wp-json\/wp\/v2\/media?parent=40"}],"curies":[{"name":"wp","href":"https:\/\/api.w.org\/{rel}","templated":true}]}}